{"id":119,"date":"2022-05-17T14:57:20","date_gmt":"2022-05-17T14:57:20","guid":{"rendered":"https:\/\/demosites.royal-elementor-addons.com\/digital-marketing-agency-v1\/?page_id=119"},"modified":"2024-01-08T19:10:11","modified_gmt":"2024-01-08T19:10:11","slug":"about-us","status":"publish","type":"page","link":"http:\/\/warmatex.com.tr\/en\/about-us\/","title":{"rendered":"About Us"},"content":{"rendered":"\t\t<div data-elementor-type=\"wp-page\" data-elementor-id=\"119\" class=\"elementor elementor-119\">\n\t\t\t\t\t\t<section class=\"elementor-section elementor-top-section elementor-element elementor-element-6bb561d elementor-section-height-min-height elementor-section-boxed elementor-section-height-default elementor-section-items-middle wpr-particle-no wpr-jarallax-no wpr-parallax-no wpr-sticky-section-no wpr-equal-height-no\" data-id=\"6bb561d\" data-element_type=\"section\" data-settings=\"{&quot;background_background&quot;:&quot;classic&quot;,&quot;shape_divider_bottom&quot;:&quot;mountains&quot;}\">\n\t\t\t\t\t<div class=\"elementor-shape elementor-shape-bottom\" data-negative=\"false\">\n\t\t\t<svg xmlns=\"http:\/\/www.w3.org\/2000\/svg\" viewBox=\"0 0 1000 100\" preserveAspectRatio=\"none\">\n\t<path class=\"elementor-shape-fill\" opacity=\"0.33\" d=\"M473,67.3c-203.9,88.3-263.1-34-320.3,0C66,119.1,0,59.7,0,59.7V0h1000v59.7 c0,0-62.1,26.1-94.9,29.3c-32.8,3.3-62.8-12.3-75.8-22.1C806,49.6,745.3,8.7,694.9,4.7S492.4,59,473,67.3z\"\/>\n\t<path class=\"elementor-shape-fill\" opacity=\"0.66\" d=\"M734,67.3c-45.5,0-77.2-23.2-129.1-39.1c-28.6-8.7-150.3-10.1-254,39.1 s-91.7-34.4-149.2,0C115.7,118.3,0,39.8,0,39.8V0h1000v36.5c0,0-28.2-18.5-92.1-18.5C810.2,18.1,775.7,67.3,734,67.3z\"\/>\n\t<path class=\"elementor-shape-fill\" d=\"M766.1,28.9c-200-57.5-266,65.5-395.1,19.5C242,1.8,242,5.4,184.8,20.6C128,35.8,132.3,44.9,89.9,52.5C28.6,63.7,0,0,0,0 h1000c0,0-9.9,40.9-83.6,48.1S829.6,47,766.1,28.9z\"\/>\n<\/svg>\t\t<\/div>\n\t\t\t\t\t<div class=\"elementor-container elementor-column-gap-default\">\n\t\t\t\t\t<div class=\"elementor-column elementor-col-100 elementor-top-column elementor-element elementor-element-a834373\" data-id=\"a834373\" data-element_type=\"column\" data-settings=\"{&quot;background_background&quot;:&quot;classic&quot;}\">\n\t\t\t<div class=\"elementor-widget-wrap elementor-element-populated\">\n\t\t\t\t\t\t<div class=\"elementor-element elementor-element-c596b21 elementor-widget-mobile__width-initial elementor-widget elementor-widget-heading\" data-id=\"c596b21\" data-element_type=\"widget\" data-widget_type=\"heading.default\">\n\t\t\t\t<div class=\"elementor-widget-container\">\n\t\t\t\t\t<h2 class=\"elementor-heading-title elementor-size-default\">About Us<\/h2>\t\t\t\t<\/div>\n\t\t\t\t<\/div>\n\t\t\t\t\t<\/div>\n\t\t<\/div>\n\t\t\t\t\t<\/div>\n\t\t<\/section>\n\t\t\t\t<section class=\"elementor-section elementor-top-section elementor-element elementor-element-7e5151e elementor-section-boxed elementor-section-height-default elementor-section-height-default wpr-particle-no wpr-jarallax-no wpr-parallax-no wpr-sticky-section-no wpr-equal-height-no\" data-id=\"7e5151e\" data-element_type=\"section\">\n\t\t\t\t\t\t<div class=\"elementor-container elementor-column-gap-default\">\n\t\t\t\t\t<div class=\"elementor-column elementor-col-100 elementor-top-column elementor-element elementor-element-ce363a5\" data-id=\"ce363a5\" data-element_type=\"column\">\n\t\t\t<div class=\"elementor-widget-wrap elementor-element-populated\">\n\t\t\t\t\t\t<div class=\"elementor-element elementor-element-66bf184 elementor-widget elementor-widget-heading\" data-id=\"66bf184\" data-element_type=\"widget\" data-widget_type=\"heading.default\">\n\t\t\t\t<div class=\"elementor-widget-container\">\n\t\t\t\t\t<h2 class=\"elementor-heading-title elementor-size-default\">40 Years of Quality Journey<\/h2>\t\t\t\t<\/div>\n\t\t\t\t<\/div>\n\t\t\t\t<section class=\"elementor-section elementor-inner-section elementor-element elementor-element-1bd2160 elementor-section-boxed elementor-section-height-default elementor-section-height-default wpr-particle-no wpr-jarallax-no wpr-parallax-no wpr-sticky-section-no wpr-equal-height-no\" data-id=\"1bd2160\" data-element_type=\"section\">\n\t\t\t\t\t\t<div class=\"elementor-container elementor-column-gap-default\">\n\t\t\t\t\t<div class=\"elementor-column elementor-col-50 elementor-inner-column elementor-element elementor-element-ef9caf2\" data-id=\"ef9caf2\" data-element_type=\"column\">\n\t\t\t<div class=\"elementor-widget-wrap elementor-element-populated\">\n\t\t\t\t\t\t<div class=\"elementor-element elementor-element-d795e83 elementor-widget elementor-widget-text-editor\" data-id=\"d795e83\" data-element_type=\"widget\" data-widget_type=\"text-editor.default\">\n\t\t\t\t<div class=\"elementor-widget-container\">\n\t\t\t\t\t\t\t\t\t<p>Warmatex, combining over 40 years of experience with a young and dynamic team, has quickly adapted to the changing world through extensive planning processes. Inspired by the success of our country in the global market, they established Warmatex as the 3rd generation.<\/p><p>Their efforts to develop new products in the field of thermal textiles, their perspective prioritizing human health, modern high-capacity production lines, and a team constantly pursuing innovation, together with collaborations with expert companies and universities, work towards creating a warm world.<\/p><p>Using their own developed systems in production facilities, they optimize production processes and manufacture products in compliance with high-quality standards. The engineering skills of the 3rd generation partners, along with the R&amp;D team, continuously work on innovative technologies and materials to improve the quality of their products and strive to provide better service to their customers.<\/p><p>Their product range includes electric blankets, body heating pads, heating cushions, back and neck warmers, heating beds for our animal friends, and low-voltage heating blankets. While combining heating with textiles, they pay attention not only to safety but also to aesthetics.<\/p><p>They use their designed and manufacturing capabilities for their own brand to serve as OEM manufacturing partners for many global brands.<\/p><p>Warmatex is committed to producing all its products in accordance with internationally recognized safety and quality standards, and they conduct all their pre-sales and after-sales services with this understanding. Despite being a young company, their work is gaining appreciation, and future developments are eagerly awaited.<\/p>\t\t\t\t\t\t\t\t<\/div>\n\t\t\t\t<\/div>\n\t\t\t\t\t<\/div>\n\t\t<\/div>\n\t\t\t\t<div class=\"elementor-column elementor-col-50 elementor-inner-column elementor-element elementor-element-0369404\" data-id=\"0369404\" data-element_type=\"column\">\n\t\t\t<div class=\"elementor-widget-wrap elementor-element-populated\">\n\t\t\t\t\t\t<div class=\"elementor-element elementor-element-fac0f81 elementor-widget elementor-widget-image\" data-id=\"fac0f81\" data-element_type=\"widget\" data-widget_type=\"image.default\">\n\t\t\t\t<div class=\"elementor-widget-container\">\n\t\t\t\t\t\t\t\t\t\t\t\t\t\t\t<img fetchpriority=\"high\" decoding=\"async\" width=\"960\" height=\"960\" src=\"http:\/\/warmatex.com.tr\/en\/wp-content\/uploads\/2023\/07\/19-1024x1024.jpg\" class=\"attachment-large size-large wp-image-2183\" alt=\"\" srcset=\"http:\/\/warmatex.com.tr\/en\/wp-content\/uploads\/2023\/07\/19-1024x1024.jpg 1024w, http:\/\/warmatex.com.tr\/en\/wp-content\/uploads\/2023\/07\/19-300x300.jpg 300w, http:\/\/warmatex.com.tr\/en\/wp-content\/uploads\/2023\/07\/19-150x150.jpg 150w, http:\/\/warmatex.com.tr\/en\/wp-content\/uploads\/2023\/07\/19-768x768.jpg 768w, http:\/\/warmatex.com.tr\/en\/wp-content\/uploads\/2023\/07\/19-600x600.jpg 600w, http:\/\/warmatex.com.tr\/en\/wp-content\/uploads\/2023\/07\/19-100x100.jpg 100w, http:\/\/warmatex.com.tr\/en\/wp-content\/uploads\/2023\/07\/19.jpg 1044w\" sizes=\"(max-width: 960px) 100vw, 960px\" \/>\t\t\t\t\t\t\t\t\t\t\t\t\t\t\t<\/div>\n\t\t\t\t<\/div>\n\t\t\t\t\t<\/div>\n\t\t<\/div>\n\t\t\t\t\t<\/div>\n\t\t<\/section>\n\t\t\t\t\t<\/div>\n\t\t<\/div>\n\t\t\t\t\t<\/div>\n\t\t<\/section>\n\t\t\t\t<\/div>\n\t\t","protected":false},"excerpt":{"rendered":"<p>About Us 40 Years of Quality Journey Warmatex, combining over 40 years of experience with a young and dynamic team, has quickly adapted to the changing world through extensive planning processes. Inspired by the success of our country in the global market, they established Warmatex as the 3rd generation. Their efforts to develop new products in the field of thermal textiles, their perspective prioritizing human health, modern high-capacity production lines, and a team constantly pursuing innovation, together with collaborations with expert companies and universities, work towards creating a warm world. Using their own developed systems in production facilities, they optimize production processes and manufacture products in compliance with high-quality standards. The engineering skills of the 3rd generation partners, along with the R&amp;D team, continuously work on innovative technologies and materials to improve the quality of their products and strive to provide better service to their customers. Their product range includes electric blankets, body heating pads, heating cushions, back and neck warmers, heating beds for our animal friends, and low-voltage heating blankets. While combining heating with textiles, they pay attention not only to safety but also to aesthetics. They use their designed and manufacturing capabilities for their own brand to serve as OEM manufacturing partners for many global brands. Warmatex is committed to producing all its products in accordance with internationally recognized safety and quality standards, and they conduct all their pre-sales and after-sales services with this understanding. Despite being a young company, their work is gaining appreciation, and future developments are eagerly awaited.<\/p>\n","protected":false},"author":1,"featured_media":0,"parent":0,"menu_order":2,"comment_status":"closed","ping_status":"closed","template":"elementor_canvas","meta":{"footnotes":""},"yoast_head":"<!-- This site is optimized with the Yoast SEO plugin v23.5 - https:\/\/yoast.com\/wordpress\/plugins\/seo\/ -->\n<title>About Us - Warmatex<\/title>\n<meta name=\"robots\" content=\"index, follow, max-snippet:-1, max-image-preview:large, max-video-preview:-1\" \/>\n<link rel=\"canonical\" href=\"http:\/\/warmatex.com.tr\/en\/about-us\/\" \/>\n<meta property=\"og:locale\" content=\"tr_TR\" \/>\n<meta property=\"og:type\" content=\"article\" \/>\n<meta property=\"og:title\" content=\"About Us - Warmatex\" \/>\n<meta property=\"og:description\" content=\"About Us 40 Years of Quality Journey Warmatex, combining over 40 years of experience with a young and dynamic team, has quickly adapted to the changing world through extensive planning processes. Inspired by the success of our country in the global market, they established Warmatex as the 3rd generation. Their efforts to develop new products in the field of thermal textiles, their perspective prioritizing human health, modern high-capacity production lines, and a team constantly pursuing innovation, together with collaborations with expert companies and universities, work towards creating a warm world. Using their own developed systems in production facilities, they optimize production processes and manufacture products in compliance with high-quality standards. The engineering skills of the 3rd generation partners, along with the R&amp;D team, continuously work on innovative technologies and materials to improve the quality of their products and strive to provide better service to their customers. Their product range includes electric blankets, body heating pads, heating cushions, back and neck warmers, heating beds for our animal friends, and low-voltage heating blankets. While combining heating with textiles, they pay attention not only to safety but also to aesthetics. They use their designed and manufacturing capabilities for their own brand to serve as OEM manufacturing partners for many global brands. Warmatex is committed to producing all its products in accordance with internationally recognized safety and quality standards, and they conduct all their pre-sales and after-sales services with this understanding. Despite being a young company, their work is gaining appreciation, and future developments are eagerly awaited.\" \/>\n<meta property=\"og:url\" content=\"http:\/\/warmatex.com.tr\/en\/about-us\/\" \/>\n<meta property=\"og:site_name\" content=\"Warmatex\" \/>\n<meta property=\"article:publisher\" content=\"https:\/\/www.facebook.com\/warmatex\" \/>\n<meta property=\"article:modified_time\" content=\"2024-01-08T19:10:11+00:00\" \/>\n<meta property=\"og:image\" content=\"http:\/\/warmatex.com.tr\/en\/wp-content\/uploads\/2023\/07\/19-1024x1024.jpg\" \/>\n<meta name=\"twitter:card\" content=\"summary_large_image\" \/>\n<meta name=\"twitter:site\" content=\"@warmatex\" \/>\n<meta name=\"twitter:label1\" content=\"Tahmini okuma s\u00fcresi\" \/>\n\t<meta name=\"twitter:data1\" content=\"2 dakika\" \/>\n<script type=\"application\/ld+json\" class=\"yoast-schema-graph\">{\"@context\":\"https:\/\/schema.org\",\"@graph\":[{\"@type\":\"WebPage\",\"@id\":\"http:\/\/warmatex.com.tr\/en\/about-us\/\",\"url\":\"http:\/\/warmatex.com.tr\/en\/about-us\/\",\"name\":\"About Us - Warmatex\",\"isPartOf\":{\"@id\":\"http:\/\/warmatex.com.tr\/en\/#website\"},\"primaryImageOfPage\":{\"@id\":\"http:\/\/warmatex.com.tr\/en\/about-us\/#primaryimage\"},\"image\":{\"@id\":\"http:\/\/warmatex.com.tr\/en\/about-us\/#primaryimage\"},\"thumbnailUrl\":\"http:\/\/warmatex.com.tr\/en\/wp-content\/uploads\/2023\/07\/19-1024x1024.jpg\",\"datePublished\":\"2022-05-17T14:57:20+00:00\",\"dateModified\":\"2024-01-08T19:10:11+00:00\",\"breadcrumb\":{\"@id\":\"http:\/\/warmatex.com.tr\/en\/about-us\/#breadcrumb\"},\"inLanguage\":\"tr\",\"potentialAction\":[{\"@type\":\"ReadAction\",\"target\":[\"http:\/\/warmatex.com.tr\/en\/about-us\/\"]}]},{\"@type\":\"ImageObject\",\"inLanguage\":\"tr\",\"@id\":\"http:\/\/warmatex.com.tr\/en\/about-us\/#primaryimage\",\"url\":\"http:\/\/warmatex.com.tr\/en\/wp-content\/uploads\/2023\/07\/19.jpg\",\"contentUrl\":\"http:\/\/warmatex.com.tr\/en\/wp-content\/uploads\/2023\/07\/19.jpg\",\"width\":1044,\"height\":1044},{\"@type\":\"BreadcrumbList\",\"@id\":\"http:\/\/warmatex.com.tr\/en\/about-us\/#breadcrumb\",\"itemListElement\":[{\"@type\":\"ListItem\",\"position\":1,\"name\":\"Anasayfa\",\"item\":\"http:\/\/warmatex.com.tr\/en\/\"},{\"@type\":\"ListItem\",\"position\":2,\"name\":\"About Us\"}]},{\"@type\":\"WebSite\",\"@id\":\"http:\/\/warmatex.com.tr\/en\/#website\",\"url\":\"http:\/\/warmatex.com.tr\/en\/\",\"name\":\"Warmatex\",\"description\":\"Warmatex Elektrikli Bireysel Is\u0131nma &Uuml;r&uuml;nleri\",\"publisher\":{\"@id\":\"http:\/\/warmatex.com.tr\/en\/#organization\"},\"potentialAction\":[{\"@type\":\"SearchAction\",\"target\":{\"@type\":\"EntryPoint\",\"urlTemplate\":\"http:\/\/warmatex.com.tr\/en\/?s={search_term_string}\"},\"query-input\":{\"@type\":\"PropertyValueSpecification\",\"valueRequired\":true,\"valueName\":\"search_term_string\"}}],\"inLanguage\":\"tr\"},{\"@type\":\"Organization\",\"@id\":\"http:\/\/warmatex.com.tr\/en\/#organization\",\"name\":\"Warmatex Sagl\u0131kl\u0131 Yasam Teknoloji San. Tic. Ltd. \u015eti\",\"url\":\"http:\/\/warmatex.com.tr\/en\/\",\"logo\":{\"@type\":\"ImageObject\",\"inLanguage\":\"tr\",\"@id\":\"http:\/\/warmatex.com.tr\/en\/#\/schema\/logo\/image\/\",\"url\":\"http:\/\/warmatex.com.tr\/en\/wp-content\/uploads\/2022\/05\/Mobil-logo-beyaz-zemin-01.jpg\",\"contentUrl\":\"http:\/\/warmatex.com.tr\/en\/wp-content\/uploads\/2022\/05\/Mobil-logo-beyaz-zemin-01.jpg\",\"width\":400,\"height\":200,\"caption\":\"Warmatex Sagl\u0131kl\u0131 Yasam Teknoloji San. Tic. Ltd. \u015eti\"},\"image\":{\"@id\":\"http:\/\/warmatex.com.tr\/en\/#\/schema\/logo\/image\/\"},\"sameAs\":[\"https:\/\/www.facebook.com\/warmatex\",\"https:\/\/x.com\/warmatex\",\"https:\/\/www.instagram.com\/warmatex\/\"]}]}<\/script>\n<!-- \/ Yoast SEO plugin. -->","yoast_head_json":{"title":"About Us - Warmatex","robots":{"index":"index","follow":"follow","max-snippet":"max-snippet:-1","max-image-preview":"max-image-preview:large","max-video-preview":"max-video-preview:-1"},"canonical":"http:\/\/warmatex.com.tr\/en\/about-us\/","og_locale":"tr_TR","og_type":"article","og_title":"About Us - Warmatex","og_description":"About Us 40 Years of Quality Journey Warmatex, combining over 40 years of experience with a young and dynamic team, has quickly adapted to the changing world through extensive planning processes. Inspired by the success of our country in the global market, they established Warmatex as the 3rd generation. Their efforts to develop new products in the field of thermal textiles, their perspective prioritizing human health, modern high-capacity production lines, and a team constantly pursuing innovation, together with collaborations with expert companies and universities, work towards creating a warm world. Using their own developed systems in production facilities, they optimize production processes and manufacture products in compliance with high-quality standards. The engineering skills of the 3rd generation partners, along with the R&amp;D team, continuously work on innovative technologies and materials to improve the quality of their products and strive to provide better service to their customers. Their product range includes electric blankets, body heating pads, heating cushions, back and neck warmers, heating beds for our animal friends, and low-voltage heating blankets. While combining heating with textiles, they pay attention not only to safety but also to aesthetics. They use their designed and manufacturing capabilities for their own brand to serve as OEM manufacturing partners for many global brands. Warmatex is committed to producing all its products in accordance with internationally recognized safety and quality standards, and they conduct all their pre-sales and after-sales services with this understanding. Despite being a young company, their work is gaining appreciation, and future developments are eagerly awaited.","og_url":"http:\/\/warmatex.com.tr\/en\/about-us\/","og_site_name":"Warmatex","article_publisher":"https:\/\/www.facebook.com\/warmatex","article_modified_time":"2024-01-08T19:10:11+00:00","og_image":[{"url":"http:\/\/warmatex.com.tr\/en\/wp-content\/uploads\/2023\/07\/19-1024x1024.jpg"}],"twitter_card":"summary_large_image","twitter_site":"@warmatex","twitter_misc":{"Tahmini okuma s\u00fcresi":"2 dakika"},"schema":{"@context":"https:\/\/schema.org","@graph":[{"@type":"WebPage","@id":"http:\/\/warmatex.com.tr\/en\/about-us\/","url":"http:\/\/warmatex.com.tr\/en\/about-us\/","name":"About Us - Warmatex","isPartOf":{"@id":"http:\/\/warmatex.com.tr\/en\/#website"},"primaryImageOfPage":{"@id":"http:\/\/warmatex.com.tr\/en\/about-us\/#primaryimage"},"image":{"@id":"http:\/\/warmatex.com.tr\/en\/about-us\/#primaryimage"},"thumbnailUrl":"http:\/\/warmatex.com.tr\/en\/wp-content\/uploads\/2023\/07\/19-1024x1024.jpg","datePublished":"2022-05-17T14:57:20+00:00","dateModified":"2024-01-08T19:10:11+00:00","breadcrumb":{"@id":"http:\/\/warmatex.com.tr\/en\/about-us\/#breadcrumb"},"inLanguage":"tr","potentialAction":[{"@type":"ReadAction","target":["http:\/\/warmatex.com.tr\/en\/about-us\/"]}]},{"@type":"ImageObject","inLanguage":"tr","@id":"http:\/\/warmatex.com.tr\/en\/about-us\/#primaryimage","url":"http:\/\/warmatex.com.tr\/en\/wp-content\/uploads\/2023\/07\/19.jpg","contentUrl":"http:\/\/warmatex.com.tr\/en\/wp-content\/uploads\/2023\/07\/19.jpg","width":1044,"height":1044},{"@type":"BreadcrumbList","@id":"http:\/\/warmatex.com.tr\/en\/about-us\/#breadcrumb","itemListElement":[{"@type":"ListItem","position":1,"name":"Anasayfa","item":"http:\/\/warmatex.com.tr\/en\/"},{"@type":"ListItem","position":2,"name":"About Us"}]},{"@type":"WebSite","@id":"http:\/\/warmatex.com.tr\/en\/#website","url":"http:\/\/warmatex.com.tr\/en\/","name":"Warmatex","description":"Warmatex Elektrikli Bireysel Is\u0131nma &Uuml;r&uuml;nleri","publisher":{"@id":"http:\/\/warmatex.com.tr\/en\/#organization"},"potentialAction":[{"@type":"SearchAction","target":{"@type":"EntryPoint","urlTemplate":"http:\/\/warmatex.com.tr\/en\/?s={search_term_string}"},"query-input":{"@type":"PropertyValueSpecification","valueRequired":true,"valueName":"search_term_string"}}],"inLanguage":"tr"},{"@type":"Organization","@id":"http:\/\/warmatex.com.tr\/en\/#organization","name":"Warmatex Sagl\u0131kl\u0131 Yasam Teknoloji San. Tic. Ltd. \u015eti","url":"http:\/\/warmatex.com.tr\/en\/","logo":{"@type":"ImageObject","inLanguage":"tr","@id":"http:\/\/warmatex.com.tr\/en\/#\/schema\/logo\/image\/","url":"http:\/\/warmatex.com.tr\/en\/wp-content\/uploads\/2022\/05\/Mobil-logo-beyaz-zemin-01.jpg","contentUrl":"http:\/\/warmatex.com.tr\/en\/wp-content\/uploads\/2022\/05\/Mobil-logo-beyaz-zemin-01.jpg","width":400,"height":200,"caption":"Warmatex Sagl\u0131kl\u0131 Yasam Teknoloji San. Tic. Ltd. \u015eti"},"image":{"@id":"http:\/\/warmatex.com.tr\/en\/#\/schema\/logo\/image\/"},"sameAs":["https:\/\/www.facebook.com\/warmatex","https:\/\/x.com\/warmatex","https:\/\/www.instagram.com\/warmatex\/"]}]}},"jetpack_sharing_enabled":true,"_links":{"self":[{"href":"http:\/\/warmatex.com.tr\/en\/wp-json\/wp\/v2\/pages\/119"}],"collection":[{"href":"http:\/\/warmatex.com.tr\/en\/wp-json\/wp\/v2\/pages"}],"about":[{"href":"http:\/\/warmatex.com.tr\/en\/wp-json\/wp\/v2\/types\/page"}],"author":[{"embeddable":true,"href":"http:\/\/warmatex.com.tr\/en\/wp-json\/wp\/v2\/users\/1"}],"replies":[{"embeddable":true,"href":"http:\/\/warmatex.com.tr\/en\/wp-json\/wp\/v2\/comments?post=119"}],"version-history":[{"count":62,"href":"http:\/\/warmatex.com.tr\/en\/wp-json\/wp\/v2\/pages\/119\/revisions"}],"predecessor-version":[{"id":3387,"href":"http:\/\/warmatex.com.tr\/en\/wp-json\/wp\/v2\/pages\/119\/revisions\/3387"}],"wp:attachment":[{"href":"http:\/\/warmatex.com.tr\/en\/wp-json\/wp\/v2\/media?parent=119"}],"curies":[{"name":"wp","href":"https:\/\/api.w.org\/{rel}","templated":true}]}}